{"id":756,"date":"2024-02-06T13:16:25","date_gmt":"2024-02-06T13:16:25","guid":{"rendered":"https:\/\/claradominguezlerena.com\/?page_id=756"},"modified":"2025-03-26T22:13:01","modified_gmt":"2025-03-26T22:13:01","slug":"otras-naturalezas","status":"publish","type":"page","link":"https:\/\/claradominguezlerena.com\/en\/obras\/otras-naturalezas\/","title":{"rendered":"Other natures"},"content":{"rendered":"<div data-elementor-type=\"wp-post\" data-elementor-id=\"756\" class=\"elementor elementor-756\" data-elementor-post-type=\"page\">\n\t\t\t\t<div class=\"elementor-element elementor-element-987b8b9 e-flex e-con-boxed e-con e-parent\" data-id=\"987b8b9\" data-element_type=\"container\">\n\t\t\t\t\t<div class=\"e-con-inner\">\n\t\t<div class=\"elementor-element elementor-element-819f2cc e-con-full e-flex e-con e-child\" data-id=\"819f2cc\" data-element_type=\"container\">\n\t\t\t\t<div class=\"elementor-element elementor-element-8486bfc elementor-widget elementor-widget-heading\" data-id=\"8486bfc\" data-element_type=\"widget\" data-widget_type=\"heading.default\">\n\t\t\t\t<div class=\"elementor-widget-container\">\n\t\t\t\t\t<h2 class=\"elementor-heading-title elementor-size-default\">Other natures<\/h2>\t\t\t\t<\/div>\n\t\t\t\t<\/div>\n\t\t\t\t<div class=\"elementor-element elementor-element-cd796af elementor-widget elementor-widget-text-editor\" data-id=\"cd796af\" data-element_type=\"widget\" data-widget_type=\"text-editor.default\">\n\t\t\t\t<div class=\"elementor-widget-container\">\n\t\t\t\t\t\t\t\t\t<p>I understand that each person observes and perceives reality through their own perspective and experiences it from there. That experience builds the diverse ways in which we inhabit the world. Taking this premise into account, I take photographs of what catches my attention and create different landscapes from what my eyes capture and my internal world reconfigures.<\/p><p>I deconstruct those photographic perceptions and guided by intuition and what the material dictates, Other natures emerge. A result in my imagination of the surrounding world.<\/p>\t\t\t\t\t\t\t\t<\/div>\n\t\t\t\t<\/div>\n\t\t\t\t<div class=\"elementor-element elementor-element-fa6d846 elementor-widget elementor-widget-html\" data-id=\"fa6d846\" data-element_type=\"widget\" data-widget_type=\"html.default\">\n\t\t\t\t<div class=\"elementor-widget-container\">\n\t\t\t\t\t<script type=\"application\/ld+json\">\r\n{\r\n  \"@context\": \"http:\/\/schema.org\",\r\n  \"@type\": \"Photograph\",\r\n  \"name\": \"Clara Dominguez Lerena\",\r\n  \"description\": \"Otras Naturalezas\"\r\n \r\n}\r\n<\/script>\r\n\t\t\t\t<\/div>\n\t\t\t\t<\/div>\n\t\t\t\t<\/div>\n\t\t<div class=\"elementor-element elementor-element-31ec7e5 e-con-full e-flex e-con e-child\" data-id=\"31ec7e5\" data-element_type=\"container\">\n\t\t\t\t<div class=\"elementor-element elementor-element-323c741 elementor-skin-slideshow elementor-arrows-yes elementor-invisible elementor-widget elementor-widget-media-carousel\" data-id=\"323c741\" data-element_type=\"widget\" data-settings=\"{&quot;skin&quot;:&quot;slideshow&quot;,&quot;effect&quot;:&quot;fade&quot;,&quot;_animation&quot;:&quot;fadeIn&quot;,&quot;slideshow_slides_per_view&quot;:&quot;5&quot;,&quot;show_arrows&quot;:&quot;yes&quot;,&quot;speed&quot;:500,&quot;loop&quot;:&quot;yes&quot;,&quot;space_between&quot;:{&quot;unit&quot;:&quot;px&quot;,&quot;size&quot;:10,&quot;sizes&quot;:[]},&quot;space_between_tablet&quot;:{&quot;unit&quot;:&quot;px&quot;,&quot;size&quot;:10,&quot;sizes&quot;:[]},&quot;space_between_mobile&quot;:{&quot;unit&quot;:&quot;px&quot;,&quot;size&quot;:10,&quot;sizes&quot;:[]}}\" data-widget_type=\"media-carousel.default\">\n\t\t\t\t<div class=\"elementor-widget-container\">\n\t\t\t\t\t\t\t\t\t<div class=\"elementor-swiper\">\n\t\t\t\t\t<div class=\"elementor-main-swiper swiper\" role=\"region\" aria-roledescription=\"carousel\" aria-label=\"Slides\">\n\t\t\t\t<div class=\"swiper-wrapper\">\n\t\t\t\t\t\t\t\t\t\t\t<div class=\"swiper-slide\" role=\"group\" aria-roledescription=\"slide\">\n\t\t\t\t\t\t\t<a href=\"https:\/\/claradominguezlerena.com\/wp-content\/uploads\/2024\/02\/clara-dominguez-otras-naturalezas-01.jpg\" data-elementor-open-lightbox=\"yes\" data-elementor-lightbox-slideshow=\"323c741\" data-elementor-lightbox-title=\"Otras naturalezas (I)\" data-elementor-lightbox-description=\"Medidas: 50 x 40 x 18 | Obra lum\u00ednica. Fotograf\u00eda y t\u00e9cnica mixta (2023)\" data-e-action-hash=\"#elementor-action%3Aaction%3Dlightbox%26settings%3DeyJpZCI6NzU4LCJ1cmwiOiJodHRwczpcL1wvY2xhcmFkb21pbmd1ZXpsZXJlbmEuY29tXC93cC1jb250ZW50XC91cGxvYWRzXC8yMDI0XC8wMlwvY2xhcmEtZG9taW5ndWV6LW90cmFzLW5hdHVyYWxlemFzLTAxLmpwZyIsInNsaWRlc2hvdyI6IjMyM2M3NDEifQ%3D%3D\">\t\t<div class=\"elementor-carousel-image\" role=\"img\" aria-label=\"Otras naturalezas (I)\" style=\"background-image: url(&#039;https:\/\/claradominguezlerena.com\/wp-content\/uploads\/2024\/02\/clara-dominguez-otras-naturalezas-01.jpg&#039;)\">\n\n\t\t\t\n\t\t\t\t\t<\/div>\n\t\t<\/a>\t\t\t\t\t\t<\/div>\n\t\t\t\t\t\t\t\t\t\t\t<div class=\"swiper-slide\" role=\"group\" aria-roledescription=\"slide\">\n\t\t\t\t\t\t\t<a href=\"https:\/\/claradominguezlerena.com\/wp-content\/uploads\/2024\/02\/clara-dominguez-otras-naturalezas-02.jpg\" data-elementor-open-lightbox=\"yes\" data-elementor-lightbox-slideshow=\"323c741\" data-elementor-lightbox-title=\"Otras naturalezas (II)\" data-elementor-lightbox-description=\"Medidas: 52 x 70 x 11 | Obra trasl\u00facida. Fotograf\u00eda y t\u00e9cnica mixta (2023)\" data-e-action-hash=\"#elementor-action%3Aaction%3Dlightbox%26settings%3DeyJpZCI6NzU5LCJ1cmwiOiJodHRwczpcL1wvY2xhcmFkb21pbmd1ZXpsZXJlbmEuY29tXC93cC1jb250ZW50XC91cGxvYWRzXC8yMDI0XC8wMlwvY2xhcmEtZG9taW5ndWV6LW90cmFzLW5hdHVyYWxlemFzLTAyLmpwZyIsInNsaWRlc2hvdyI6IjMyM2M3NDEifQ%3D%3D\">\t\t<div class=\"elementor-carousel-image\" role=\"img\" aria-label=\"Otras naturalezas (II)\" style=\"background-image: url(&#039;https:\/\/claradominguezlerena.com\/wp-content\/uploads\/2024\/02\/clara-dominguez-otras-naturalezas-02.jpg&#039;)\">\n\n\t\t\t\n\t\t\t\t\t<\/div>\n\t\t<\/a>\t\t\t\t\t\t<\/div>\n\t\t\t\t\t\t\t\t\t\t\t<div class=\"swiper-slide\" role=\"group\" aria-roledescription=\"slide\">\n\t\t\t\t\t\t\t<a href=\"https:\/\/claradominguezlerena.com\/wp-content\/uploads\/2024\/02\/clara-dominguez-otras-naturalezas-03.jpg\" data-elementor-open-lightbox=\"yes\" data-elementor-lightbox-slideshow=\"323c741\" data-elementor-lightbox-title=\"Otras naturalezas (III)\" data-elementor-lightbox-description=\"Medidas: 60 x 80 | Obra trasl\u00facida. Fotograf\u00eda y t\u00e9cnica mixta (2023)\" data-e-action-hash=\"#elementor-action%3Aaction%3Dlightbox%26settings%3DeyJpZCI6NzYwLCJ1cmwiOiJodHRwczpcL1wvY2xhcmFkb21pbmd1ZXpsZXJlbmEuY29tXC93cC1jb250ZW50XC91cGxvYWRzXC8yMDI0XC8wMlwvY2xhcmEtZG9taW5ndWV6LW90cmFzLW5hdHVyYWxlemFzLTAzLmpwZyIsInNsaWRlc2hvdyI6IjMyM2M3NDEifQ%3D%3D\">\t\t<div class=\"elementor-carousel-image\" role=\"img\" aria-label=\"Otras naturalezas (III)\" style=\"background-image: url(&#039;https:\/\/claradominguezlerena.com\/wp-content\/uploads\/2024\/02\/clara-dominguez-otras-naturalezas-03.jpg&#039;)\">\n\n\t\t\t\n\t\t\t\t\t<\/div>\n\t\t<\/a>\t\t\t\t\t\t<\/div>\n\t\t\t\t\t\t\t\t\t\t\t<div class=\"swiper-slide\" role=\"group\" aria-roledescription=\"slide\">\n\t\t\t\t\t\t\t<a href=\"https:\/\/claradominguezlerena.com\/wp-content\/uploads\/2025\/03\/Otras-naturalezas-IV.jpg\" data-elementor-open-lightbox=\"yes\" data-elementor-lightbox-slideshow=\"323c741\" data-elementor-lightbox-title=\"Otras naturalezas IV\" data-elementor-lightbox-description=\"Medidas: 52 x 70 x 11Obra trasl\u00facida. Fotograf\u00edas y t\u00e9cnicas mixtas  sobre papel vegetal (2024)\" data-e-action-hash=\"#elementor-action%3Aaction%3Dlightbox%26settings%3DeyJpZCI6MTM2OSwidXJsIjoiaHR0cHM6XC9cL2NsYXJhZG9taW5ndWV6bGVyZW5hLmNvbVwvd3AtY29udGVudFwvdXBsb2Fkc1wvMjAyNVwvMDNcL090cmFzLW5hdHVyYWxlemFzLUlWLmpwZyIsInNsaWRlc2hvdyI6IjMyM2M3NDEifQ%3D%3D\">\t\t<div class=\"elementor-carousel-image\" role=\"img\" aria-label=\"Otras naturalezas IV\" style=\"background-image: url(&#039;https:\/\/claradominguezlerena.com\/wp-content\/uploads\/2025\/03\/Otras-naturalezas-IV.jpg&#039;)\">\n\n\t\t\t\n\t\t\t\t\t<\/div>\n\t\t<\/a>\t\t\t\t\t\t<\/div>\n\t\t\t\t\t\t\t\t\t\t\t<div class=\"swiper-slide\" role=\"group\" aria-roledescription=\"slide\">\n\t\t\t\t\t\t\t<a href=\"https:\/\/claradominguezlerena.com\/wp-content\/uploads\/2025\/03\/Clara-Dominguez-Lerena-Otras-naturalezas-5.jpeg\" data-elementor-open-lightbox=\"yes\" data-elementor-lightbox-slideshow=\"323c741\" data-elementor-lightbox-title=\"Otras naturalezas V\" data-elementor-lightbox-description=\"Medidas: 36 x 46 x 25  Composici\u00f3n tridimensional. Pintura y fotograf\u00eda sobre soporte transparente (2024)\" data-e-action-hash=\"#elementor-action%3Aaction%3Dlightbox%26settings%3DeyJpZCI6MTM2OCwidXJsIjoiaHR0cHM6XC9cL2NsYXJhZG9taW5ndWV6bGVyZW5hLmNvbVwvd3AtY29udGVudFwvdXBsb2Fkc1wvMjAyNVwvMDNcL0NsYXJhLURvbWluZ3Vlei1MZXJlbmEtT3RyYXMtbmF0dXJhbGV6YXMtNS5qcGVnIiwic2xpZGVzaG93IjoiMzIzYzc0MSJ9\">\t\t<div class=\"elementor-carousel-image\" role=\"img\" aria-label=\"Otras naturalezas V\" style=\"background-image: url(&#039;https:\/\/claradominguezlerena.com\/wp-content\/uploads\/2025\/03\/Clara-Dominguez-Lerena-Otras-naturalezas-5.jpeg&#039;)\">\n\n\t\t\t\n\t\t\t\t\t<\/div>\n\t\t<\/a>\t\t\t\t\t\t<\/div>\n\t\t\t\t\t\t\t\t\t\t\t<div class=\"swiper-slide\" role=\"group\" aria-roledescription=\"slide\">\n\t\t\t\t\t\t\t<a href=\"https:\/\/claradominguezlerena.com\/wp-content\/uploads\/2025\/03\/Otras-naturalezas-microscopicas.jpeg\" data-elementor-open-lightbox=\"yes\" data-elementor-lightbox-slideshow=\"323c741\" data-elementor-lightbox-title=\"Otras naturalezas (microsc\u00f3picas)\" data-elementor-lightbox-description=\"Medidas: 11 x 19 x 4 Obra trasl\u00facida. Fotograf\u00eda  y pintura sobre soporte  de acr\u00edlico (2024)\" data-e-action-hash=\"#elementor-action%3Aaction%3Dlightbox%26settings%3DeyJpZCI6MTM3MCwidXJsIjoiaHR0cHM6XC9cL2NsYXJhZG9taW5ndWV6bGVyZW5hLmNvbVwvd3AtY29udGVudFwvdXBsb2Fkc1wvMjAyNVwvMDNcL090cmFzLW5hdHVyYWxlemFzLW1pY3Jvc2NvcGljYXMuanBlZyIsInNsaWRlc2hvdyI6IjMyM2M3NDEifQ%3D%3D\">\t\t<div class=\"elementor-carousel-image\" role=\"img\" aria-label=\"Otras naturalezas (microsc\u00f3picas)\" style=\"background-image: url(&#039;https:\/\/claradominguezlerena.com\/wp-content\/uploads\/2025\/03\/Otras-naturalezas-microscopicas.jpeg&#039;)\">\n\n\t\t\t\n\t\t\t\t\t<\/div>\n\t\t<\/a>\t\t\t\t\t\t<\/div>\n\t\t\t\t\t\t\t\t\t\t\t<div class=\"swiper-slide\" role=\"group\" aria-roledescription=\"slide\">\n\t\t\t\t\t\t\t<a href=\"https:\/\/claradominguezlerena.com\/wp-content\/uploads\/2025\/03\/Otras-naturalezas-microscopicas-II.jpeg\" data-elementor-open-lightbox=\"yes\" data-elementor-lightbox-slideshow=\"323c741\" data-elementor-lightbox-title=\"Otras naturalezas (microsc\u00f3picas) II\" data-elementor-lightbox-description=\"Medidas: 11 x 19 x 4 Obra trasl\u00facida. Fotograf\u00eda  y pintura sobre soporte  de acr\u00edlico (2024)\" data-e-action-hash=\"#elementor-action%3Aaction%3Dlightbox%26settings%3DeyJpZCI6MTM3NCwidXJsIjoiaHR0cHM6XC9cL2NsYXJhZG9taW5ndWV6bGVyZW5hLmNvbVwvd3AtY29udGVudFwvdXBsb2Fkc1wvMjAyNVwvMDNcL090cmFzLW5hdHVyYWxlemFzLW1pY3Jvc2NvcGljYXMtSUkuanBlZyIsInNsaWRlc2hvdyI6IjMyM2M3NDEifQ%3D%3D\">\t\t<div class=\"elementor-carousel-image\" role=\"img\" aria-label=\"Otras naturalezas (microsc\u00f3picas) II\" style=\"background-image: url(&#039;https:\/\/claradominguezlerena.com\/wp-content\/uploads\/2025\/03\/Otras-naturalezas-microscopicas-II.jpeg&#039;)\">\n\n\t\t\t\n\t\t\t\t\t<\/div>\n\t\t<\/a>\t\t\t\t\t\t<\/div>\n\t\t\t\t\t\t\t\t\t<\/div>\n\t\t\t\t\t\t\t\t\t\t\t\t\t\t\t<div class=\"elementor-swiper-button elementor-swiper-button-prev\" role=\"button\" tabindex=\"0\" aria-label=\"Previous\" data-no-translation-aria-label=\"\">\n\t\t\t\t\t\t\t<svg aria-hidden=\"true\" class=\"e-font-icon-svg e-eicon-chevron-left\" viewbox=\"0 0 1000 1000\" xmlns=\"http:\/\/www.w3.org\/2000\/svg\"><path d=\"M646 125C629 125 613 133 604 142L308 442C296 454 292 471 292 487 292 504 296 521 308 533L604 854C617 867 629 875 646 875 663 875 679 871 692 858 704 846 713 829 713 812 713 796 708 779 692 767L438 487 692 225C700 217 708 204 708 187 708 171 704 154 692 142 675 129 663 125 646 125Z\"><\/path><\/svg>\t\t\t\t\t\t<\/div>\n\t\t\t\t\t\t<div class=\"elementor-swiper-button elementor-swiper-button-next\" role=\"button\" tabindex=\"0\" aria-label=\"Next\" data-no-translation-aria-label=\"\">\n\t\t\t\t\t\t\t<svg aria-hidden=\"true\" class=\"e-font-icon-svg e-eicon-chevron-right\" viewbox=\"0 0 1000 1000\" xmlns=\"http:\/\/www.w3.org\/2000\/svg\"><path d=\"M696 533C708 521 713 504 713 487 713 471 708 454 696 446L400 146C388 133 375 125 354 125 338 125 325 129 313 142 300 154 292 171 292 187 292 204 296 221 308 233L563 492 304 771C292 783 288 800 288 817 288 833 296 850 308 863 321 871 338 875 354 875 371 875 388 867 400 854L696 533Z\"><\/path><\/svg>\t\t\t\t\t\t<\/div>\n\t\t\t\t\t\t\t\t\t\t\t\t\t\t\t\t\t<\/div>\n\t\t\t\t<\/div>\n\t\t\t\t\t\t\t\t<div class=\"elementor-swiper\">\n\t\t\t\t\t<div class=\"elementor-main-swiper swiper elementor-thumbnails-swiper swiper\" role=\"region region\" aria-roledescription=\"carousel carousel\" aria-label=\"Slides Slides\">\n\t\t\t\t<div class=\"swiper-wrapper\">\n\t\t\t\t\t\t\t\t\t\t\t<div class=\"swiper-slide\" role=\"group\" aria-roledescription=\"slide\">\n\t\t\t\t\t\t\t\t\t<div class=\"elementor-carousel-image\" role=\"img\" aria-label=\"Otras naturalezas (I)\" style=\"background-image: url(&#039;https:\/\/claradominguezlerena.com\/wp-content\/uploads\/2024\/02\/clara-dominguez-otras-naturalezas-01.jpg&#039;)\">\n\n\t\t\t\n\t\t\t\t\t<\/div>\n\t\t<\/a>\t\t\t\t\t\t<\/div>\n\t\t\t\t\t\t\t\t\t\t\t<div class=\"swiper-slide\" role=\"group\" aria-roledescription=\"slide\">\n\t\t\t\t\t\t\t\t\t<div class=\"elementor-carousel-image\" role=\"img\" aria-label=\"Otras naturalezas (II)\" style=\"background-image: url(&#039;https:\/\/claradominguezlerena.com\/wp-content\/uploads\/2024\/02\/clara-dominguez-otras-naturalezas-02.jpg&#039;)\">\n\n\t\t\t\n\t\t\t\t\t<\/div>\n\t\t<\/a>\t\t\t\t\t\t<\/div>\n\t\t\t\t\t\t\t\t\t\t\t<div class=\"swiper-slide\" role=\"group\" aria-roledescription=\"slide\">\n\t\t\t\t\t\t\t\t\t<div class=\"elementor-carousel-image\" role=\"img\" aria-label=\"Otras naturalezas (III)\" style=\"background-image: url(&#039;https:\/\/claradominguezlerena.com\/wp-content\/uploads\/2024\/02\/clara-dominguez-otras-naturalezas-03.jpg&#039;)\">\n\n\t\t\t\n\t\t\t\t\t<\/div>\n\t\t<\/a>\t\t\t\t\t\t<\/div>\n\t\t\t\t\t\t\t\t\t\t\t<div class=\"swiper-slide\" role=\"group\" aria-roledescription=\"slide\">\n\t\t\t\t\t\t\t\t\t<div class=\"elementor-carousel-image\" role=\"img\" aria-label=\"Otras naturalezas IV\" style=\"background-image: url(&#039;https:\/\/claradominguezlerena.com\/wp-content\/uploads\/2025\/03\/Otras-naturalezas-IV.jpg&#039;)\">\n\n\t\t\t\n\t\t\t\t\t<\/div>\n\t\t<\/a>\t\t\t\t\t\t<\/div>\n\t\t\t\t\t\t\t\t\t\t\t<div class=\"swiper-slide\" role=\"group\" aria-roledescription=\"slide\">\n\t\t\t\t\t\t\t\t\t<div class=\"elementor-carousel-image\" role=\"img\" aria-label=\"Otras naturalezas V\" style=\"background-image: url(&#039;https:\/\/claradominguezlerena.com\/wp-content\/uploads\/2025\/03\/Clara-Dominguez-Lerena-Otras-naturalezas-5.jpeg&#039;)\">\n\n\t\t\t\n\t\t\t\t\t<\/div>\n\t\t<\/a>\t\t\t\t\t\t<\/div>\n\t\t\t\t\t\t\t\t\t\t\t<div class=\"swiper-slide\" role=\"group\" aria-roledescription=\"slide\">\n\t\t\t\t\t\t\t\t\t<div class=\"elementor-carousel-image\" role=\"img\" aria-label=\"Otras naturalezas (microsc\u00f3picas)\" style=\"background-image: url(&#039;https:\/\/claradominguezlerena.com\/wp-content\/uploads\/2025\/03\/Otras-naturalezas-microscopicas.jpeg&#039;)\">\n\n\t\t\t\n\t\t\t\t\t<\/div>\n\t\t<\/a>\t\t\t\t\t\t<\/div>\n\t\t\t\t\t\t\t\t\t\t\t<div class=\"swiper-slide\" role=\"group\" aria-roledescription=\"slide\">\n\t\t\t\t\t\t\t\t\t<div class=\"elementor-carousel-image\" role=\"img\" aria-label=\"Otras naturalezas (microsc\u00f3picas) II\" style=\"background-image: url(&#039;https:\/\/claradominguezlerena.com\/wp-content\/uploads\/2025\/03\/Otras-naturalezas-microscopicas-II.jpeg&#039;)\">\n\n\t\t\t\n\t\t\t\t\t<\/div>\n\t\t<\/a>\t\t\t\t\t\t<\/div>\n\t\t\t\t\t\t\t\t\t<\/div>\n\t\t\t\t\t\t\t\t\t\t\t\t\t\t\t\t\t\t\t\t\t<\/div>\n\t\t\t\t<\/div>\n\t\t\t\t\t\t\t\t<\/div>\n\t\t\t\t<\/div>\n\t\t\t\t<div class=\"elementor-element elementor-element-e0c3911 elementor-widget-mobile__width-inherit elementor-hidden-desktop elementor-hidden-tablet elementor-widget elementor-widget-heading\" data-id=\"e0c3911\" data-element_type=\"widget\" data-widget_type=\"heading.default\">\n\t\t\t\t<div class=\"elementor-widget-container\">\n\t\t\t\t\t<p class=\"elementor-heading-title elementor-size-default\"><a href=\"https:\/\/claradominguezlerena.com\/en\/obras\/\"><<&lt; Return to Works<\/a><\/p>\t\t\t\t<\/div>\n\t\t\t\t<\/div>\n\t\t\t\t<\/div>\n\t\t\t\t\t<\/div>\n\t\t\t\t<\/div>\n\t\t<div class=\"elementor-element elementor-element-c1f61a8 elementor-hidden-mobile e-flex e-con-boxed e-con e-parent\" data-id=\"c1f61a8\" data-element_type=\"container\">\n\t\t\t\t\t<div class=\"e-con-inner\">\n\t\t<div class=\"elementor-element elementor-element-4cb1c60 e-con-full e-flex e-con e-child\" data-id=\"4cb1c60\" data-element_type=\"container\">\n\t\t\t\t<div class=\"elementor-element elementor-element-3e690e5 elementor-widget elementor-widget-heading\" data-id=\"3e690e5\" data-element_type=\"widget\" data-widget_type=\"heading.default\">\n\t\t\t\t<div class=\"elementor-widget-container\">\n\t\t\t\t\t<p class=\"elementor-heading-title elementor-size-default\"><a href=\"https:\/\/claradominguezlerena.com\/en\/obras\/\"><<&lt; Return to Works<\/a><\/p>\t\t\t\t<\/div>\n\t\t\t\t<\/div>\n\t\t\t\t<\/div>\n\t\t\t\t\t<\/div>\n\t\t\t\t<\/div>\n\t\t\t\t<\/div>","protected":false},"excerpt":{"rendered":"<p>Otras naturalezas Entiendo que cada persona observa y percibe la realidad a trav\u00e9s de una mirada absolutamente propia y desde all\u00ed la experimenta. Esa vivencia construye las diversas maneras en que habitamos el mundo. Teniendo en cuenta esta premisa saco fotograf\u00edas de aquello que me llama la atenci\u00f3n y creo distintos paisajes a partir de [&hellip;]<\/p>","protected":false},"author":1,"featured_media":0,"parent":95,"menu_order":0,"comment_status":"closed","ping_status":"closed","template":"elementor_header_footer","meta":{"footnotes":""},"class_list":["post-756","page","type-page","status-publish","hentry"],"yoast_head":"<!-- This site is optimized with the Yoast SEO plugin v24.7 - https:\/\/yoast.com\/wordpress\/plugins\/seo\/ -->\n<title>Otras naturalezas - Clara Dominguez Lerena<\/title>\n<meta name=\"robots\" content=\"index, follow, max-snippet:-1, max-image-preview:large, max-video-preview:-1\" \/>\n<link rel=\"canonical\" href=\"https:\/\/claradominguezlerena.com\/en\/obras\/otras-naturalezas\/\" \/>\n<meta property=\"og:locale\" content=\"en_US\" \/>\n<meta property=\"og:type\" content=\"article\" \/>\n<meta property=\"og:title\" content=\"Otras naturalezas - Clara Dominguez Lerena\" \/>\n<meta property=\"og:description\" content=\"Otras naturalezas Entiendo que cada persona observa y percibe la realidad a trav\u00e9s de una mirada absolutamente propia y desde all\u00ed la experimenta. Esa vivencia construye las diversas maneras en que habitamos el mundo. Teniendo en cuenta esta premisa saco fotograf\u00edas de aquello que me llama la atenci\u00f3n y creo distintos paisajes a partir de [&hellip;]\" \/>\n<meta property=\"og:url\" content=\"https:\/\/claradominguezlerena.com\/en\/obras\/otras-naturalezas\/\" \/>\n<meta property=\"og:site_name\" content=\"Clara Dominguez Lerena\" \/>\n<meta property=\"article:modified_time\" content=\"2025-03-26T22:13:01+00:00\" \/>\n<meta name=\"twitter:card\" content=\"summary_large_image\" \/>\n<meta name=\"twitter:label1\" content=\"Est. reading time\" \/>\n\t<meta name=\"twitter:data1\" content=\"1 minute\" \/>\n<script type=\"application\/ld+json\" class=\"yoast-schema-graph\">{\"@context\":\"https:\/\/schema.org\",\"@graph\":[{\"@type\":\"WebPage\",\"@id\":\"https:\/\/claradominguezlerena.com\/obras\/otras-naturalezas\/\",\"url\":\"https:\/\/claradominguezlerena.com\/obras\/otras-naturalezas\/\",\"name\":\"Otras naturalezas - Clara Dominguez Lerena\",\"isPartOf\":{\"@id\":\"https:\/\/claradominguezlerena.com\/#website\"},\"datePublished\":\"2024-02-06T13:16:25+00:00\",\"dateModified\":\"2025-03-26T22:13:01+00:00\",\"breadcrumb\":{\"@id\":\"https:\/\/claradominguezlerena.com\/obras\/otras-naturalezas\/#breadcrumb\"},\"inLanguage\":\"en-US\",\"potentialAction\":[{\"@type\":\"ReadAction\",\"target\":[\"https:\/\/claradominguezlerena.com\/obras\/otras-naturalezas\/\"]}]},{\"@type\":\"BreadcrumbList\",\"@id\":\"https:\/\/claradominguezlerena.com\/obras\/otras-naturalezas\/#breadcrumb\",\"itemListElement\":[{\"@type\":\"ListItem\",\"position\":1,\"name\":\"Inicio\",\"item\":\"https:\/\/claradominguezlerena.com\/\"},{\"@type\":\"ListItem\",\"position\":2,\"name\":\"Obras\",\"item\":\"https:\/\/claradominguezlerena.com\/obras\/\"},{\"@type\":\"ListItem\",\"position\":3,\"name\":\"Otras naturalezas\"}]},{\"@type\":\"WebSite\",\"@id\":\"https:\/\/claradominguezlerena.com\/#website\",\"url\":\"https:\/\/claradominguezlerena.com\/\",\"name\":\"Clara Dominguez Lerena\",\"description\":\"\",\"publisher\":{\"@id\":\"https:\/\/claradominguezlerena.com\/#organization\"},\"potentialAction\":[{\"@type\":\"SearchAction\",\"target\":{\"@type\":\"EntryPoint\",\"urlTemplate\":\"https:\/\/claradominguezlerena.com\/?s={search_term_string}\"},\"query-input\":{\"@type\":\"PropertyValueSpecification\",\"valueRequired\":true,\"valueName\":\"search_term_string\"}}],\"inLanguage\":\"en-US\"},{\"@type\":\"Organization\",\"@id\":\"https:\/\/claradominguezlerena.com\/#organization\",\"name\":\"Clara Dominguez Lerena\",\"url\":\"https:\/\/claradominguezlerena.com\/\",\"logo\":{\"@type\":\"ImageObject\",\"inLanguage\":\"en-US\",\"@id\":\"https:\/\/claradominguezlerena.com\/#\/schema\/logo\/image\/\",\"url\":\"https:\/\/claradominguezlerena.com\/wp-content\/uploads\/2024\/02\/fotografia.png\",\"contentUrl\":\"https:\/\/claradominguezlerena.com\/wp-content\/uploads\/2024\/02\/fotografia.png\",\"width\":64,\"height\":64,\"caption\":\"Clara Dominguez Lerena\"},\"image\":{\"@id\":\"https:\/\/claradominguezlerena.com\/#\/schema\/logo\/image\/\"},\"sameAs\":[\"https:\/\/www.instagram.com\/clara_dominguezlerena\/\"]}]}<\/script>\n<!-- \/ Yoast SEO plugin. -->","yoast_head_json":{"title":"Otras naturalezas - Clara Dominguez Lerena","robots":{"index":"index","follow":"follow","max-snippet":"max-snippet:-1","max-image-preview":"max-image-preview:large","max-video-preview":"max-video-preview:-1"},"canonical":"https:\/\/claradominguezlerena.com\/en\/obras\/otras-naturalezas\/","og_locale":"en_US","og_type":"article","og_title":"Otras naturalezas - Clara Dominguez Lerena","og_description":"Otras naturalezas Entiendo que cada persona observa y percibe la realidad a trav\u00e9s de una mirada absolutamente propia y desde all\u00ed la experimenta. Esa vivencia construye las diversas maneras en que habitamos el mundo. Teniendo en cuenta esta premisa saco fotograf\u00edas de aquello que me llama la atenci\u00f3n y creo distintos paisajes a partir de [&hellip;]","og_url":"https:\/\/claradominguezlerena.com\/en\/obras\/otras-naturalezas\/","og_site_name":"Clara Dominguez Lerena","article_modified_time":"2025-03-26T22:13:01+00:00","twitter_card":"summary_large_image","twitter_misc":{"Est. reading time":"1 minute"},"schema":{"@context":"https:\/\/schema.org","@graph":[{"@type":"WebPage","@id":"https:\/\/claradominguezlerena.com\/obras\/otras-naturalezas\/","url":"https:\/\/claradominguezlerena.com\/obras\/otras-naturalezas\/","name":"Otras naturalezas - Clara Dominguez Lerena","isPartOf":{"@id":"https:\/\/claradominguezlerena.com\/#website"},"datePublished":"2024-02-06T13:16:25+00:00","dateModified":"2025-03-26T22:13:01+00:00","breadcrumb":{"@id":"https:\/\/claradominguezlerena.com\/obras\/otras-naturalezas\/#breadcrumb"},"inLanguage":"en-US","potentialAction":[{"@type":"ReadAction","target":["https:\/\/claradominguezlerena.com\/obras\/otras-naturalezas\/"]}]},{"@type":"BreadcrumbList","@id":"https:\/\/claradominguezlerena.com\/obras\/otras-naturalezas\/#breadcrumb","itemListElement":[{"@type":"ListItem","position":1,"name":"Inicio","item":"https:\/\/claradominguezlerena.com\/"},{"@type":"ListItem","position":2,"name":"Obras","item":"https:\/\/claradominguezlerena.com\/obras\/"},{"@type":"ListItem","position":3,"name":"Otras naturalezas"}]},{"@type":"WebSite","@id":"https:\/\/claradominguezlerena.com\/#website","url":"https:\/\/claradominguezlerena.com\/","name":"Clara Dominguez Lerena","description":"","publisher":{"@id":"https:\/\/claradominguezlerena.com\/#organization"},"potentialAction":[{"@type":"SearchAction","target":{"@type":"EntryPoint","urlTemplate":"https:\/\/claradominguezlerena.com\/?s={search_term_string}"},"query-input":{"@type":"PropertyValueSpecification","valueRequired":true,"valueName":"search_term_string"}}],"inLanguage":"en-US"},{"@type":"Organization","@id":"https:\/\/claradominguezlerena.com\/#organization","name":"Clara Dominguez Lerena","url":"https:\/\/claradominguezlerena.com\/","logo":{"@type":"ImageObject","inLanguage":"en-US","@id":"https:\/\/claradominguezlerena.com\/#\/schema\/logo\/image\/","url":"https:\/\/claradominguezlerena.com\/wp-content\/uploads\/2024\/02\/fotografia.png","contentUrl":"https:\/\/claradominguezlerena.com\/wp-content\/uploads\/2024\/02\/fotografia.png","width":64,"height":64,"caption":"Clara Dominguez Lerena"},"image":{"@id":"https:\/\/claradominguezlerena.com\/#\/schema\/logo\/image\/"},"sameAs":["https:\/\/www.instagram.com\/clara_dominguezlerena\/"]}]}},"_links":{"self":[{"href":"https:\/\/claradominguezlerena.com\/en\/wp-json\/wp\/v2\/pages\/756","targetHints":{"allow":["GET"]}}],"collection":[{"href":"https:\/\/claradominguezlerena.com\/en\/wp-json\/wp\/v2\/pages"}],"about":[{"href":"https:\/\/claradominguezlerena.com\/en\/wp-json\/wp\/v2\/types\/page"}],"author":[{"embeddable":true,"href":"https:\/\/claradominguezlerena.com\/en\/wp-json\/wp\/v2\/users\/1"}],"replies":[{"embeddable":true,"href":"https:\/\/claradominguezlerena.com\/en\/wp-json\/wp\/v2\/comments?post=756"}],"version-history":[{"count":0,"href":"https:\/\/claradominguezlerena.com\/en\/wp-json\/wp\/v2\/pages\/756\/revisions"}],"up":[{"embeddable":true,"href":"https:\/\/claradominguezlerena.com\/en\/wp-json\/wp\/v2\/pages\/95"}],"wp:attachment":[{"href":"https:\/\/claradominguezlerena.com\/en\/wp-json\/wp\/v2\/media?parent=756"}],"curies":[{"name":"wp","href":"https:\/\/api.w.org\/{rel}","templated":true}]}}